{"id":5133,"date":"2022-04-22T17:39:14","date_gmt":"2022-04-22T17:39:14","guid":{"rendered":"http:\/\/box5779.temp.domains\/~chaskipe\/?post_type=product&#038;p=5133"},"modified":"2022-04-22T22:04:07","modified_gmt":"2022-04-22T22:04:07","slug":"recorridos-turisticos-night-city-tour","status":"publish","type":"product","link":"https:\/\/chaskiperutravel.com\/en\/product\/recorridos-turisticos-night-city-tour\/","title":{"rendered":"SIGHTSEEING TOURS: NIGHT CITY TOUR"},"content":{"rendered":"","protected":false},"excerpt":{"rendered":"<p><strong>VISIT THE MOST ICONIC <\/strong><strong>PLACES OF <\/strong><strong>LIME UNDER THE LIGHT <\/strong><strong>OF THE STARS<\/strong><\/p>\n<div class=\"elementor-element elementor-element-a6c8725 elementor-widget elementor-widget-text-editor\" data-id=\"a6c8725\" data-element_type=\"widget\" data-widget_type=\"text-editor.default\">\n<div class=\"elementor-widget-container\">\n<div class=\"elementor-element elementor-element-efcca07 elementor-widget elementor-widget-text-editor\" data-id=\"efcca07\" data-element_type=\"widget\" data-widget_type=\"text-editor.default\">\n<div class=\"elementor-widget-container\">\n<p>Lima is beautiful by day, but even more so by night.<\/p>\n<\/div>\n<\/div>\n<div class=\"elementor-element elementor-element-bb94750 elementor-widget elementor-widget-text-editor\" data-id=\"bb94750\" data-element_type=\"widget\" data-widget_type=\"text-editor.default\">\n<div class=\"elementor-widget-container\">\n<p>On this tour you will visit the most iconic places in the city, starting with the Huaca Pucllana in the afternoon. Next, you will visit the Indian market where you can learn about Peruvian crafts and buy souvenirs.<\/p>\n<\/div>\n<\/div>\n<div class=\"elementor-element elementor-element-a74d183 elementor-widget elementor-widget-text-editor\" data-id=\"a74d183\" data-element_type=\"widget\" data-widget_type=\"text-editor.default\">\n<div class=\"elementor-widget-container\">\n<p>You will be able to witness a beautiful sunset on the cliffs of Barranco and end with the most famous light and water show on the continent.<\/p>\n<\/div>\n<\/div>\n<\/div>\n<\/div>","protected":false},"featured_media":5143,"template":"","meta":{"om_disable_all_campaigns":false},"product_brand":[],"product_cat":[61],"product_tag":[],"class_list":{"0":"post-5133","1":"product","2":"type-product","3":"status-publish","4":"has-post-thumbnail","6":"product_cat-recorridos-turisticos","8":"first","9":"instock","10":"shipping-taxable","11":"purchasable","12":"product-type-variable"},"yoast_head":"<!-- This site is optimized with the Yoast SEO plugin v27.3 - https:\/\/yoast.com\/product\/yoast-seo-wordpress\/ -->\n<title>RECORRIDOS TURISTICOS: NIGHT CITY TOUR - Chaski Per\u00fa Travel<\/title>\n<meta name=\"robots\" content=\"index, follow, max-snippet:-1, max-image-preview:large, max-video-preview:-1\" \/>\n<link rel=\"canonical\" href=\"https:\/\/chaskiperutravel.com\/en\/product\/recorridos-turisticos-night-city-tour\/\" \/>\n<meta property=\"og:locale\" content=\"en_US\" \/>\n<meta property=\"og:type\" content=\"article\" \/>\n<meta property=\"og:title\" content=\"RECORRIDOS TURISTICOS: NIGHT CITY TOUR - Chaski Per\u00fa Travel\" \/>\n<meta property=\"og:description\" content=\"VISITA LOS LUGARES M\u00c1S IC\u00d3NICOS DE LIMA BAJO LA LUZ DE LAS ESTRELLAS      Lima es hermosa de d\u00eda, pero a\u00fan m\u00e1s lo es de noche.       En este tour recorrer\u00e1s los m\u00e1s ic\u00f3nicos lugares de la ciudad, empezando por la Huaca Pucllana en la tarde. A continuaci\u00f3n, visitar\u00e1s el mercado indio donde podr\u00e1s conocer la artesan\u00eda peruana y comprar souvenirs.       Podr\u00e1s ser testigo de un bello atardecer en los acantilados de Barranco y finalizar\u00e1s con el m\u00e1s famoso espect\u00e1culo de luces y agua del continente.\" \/>\n<meta property=\"og:url\" content=\"https:\/\/chaskiperutravel.com\/en\/product\/recorridos-turisticos-night-city-tour\/\" \/>\n<meta property=\"og:site_name\" content=\"Chaski Per\u00fa Travel\" \/>\n<meta property=\"article:modified_time\" content=\"2022-04-22T22:04:07+00:00\" \/>\n<meta property=\"og:image\" content=\"https:\/\/chaskiperutravel.com\/wp-content\/uploads\/2022\/04\/night-tour-producto-1.png\" \/>\n\t<meta property=\"og:image:width\" content=\"520\" \/>\n\t<meta property=\"og:image:height\" content=\"564\" \/>\n\t<meta property=\"og:image:type\" content=\"image\/png\" \/>\n<meta name=\"twitter:card\" content=\"summary_large_image\" \/>\n<meta name=\"twitter:label1\" content=\"Est. reading time\" \/>\n\t<meta name=\"twitter:data1\" content=\"1 minute\" \/>\n<script type=\"application\/ld+json\" class=\"yoast-schema-graph\">{\"@context\":\"https:\\\/\\\/schema.org\",\"@graph\":[{\"@type\":\"WebPage\",\"@id\":\"https:\\\/\\\/chaskiperutravel.com\\\/product\\\/recorridos-turisticos-night-city-tour\\\/\",\"url\":\"https:\\\/\\\/chaskiperutravel.com\\\/product\\\/recorridos-turisticos-night-city-tour\\\/\",\"name\":\"RECORRIDOS TURISTICOS: NIGHT CITY TOUR - Chaski Per\u00fa Travel\",\"isPartOf\":{\"@id\":\"https:\\\/\\\/chaskiperutravel.com\\\/#website\"},\"primaryImageOfPage\":{\"@id\":\"https:\\\/\\\/chaskiperutravel.com\\\/product\\\/recorridos-turisticos-night-city-tour\\\/#primaryimage\"},\"image\":{\"@id\":\"https:\\\/\\\/chaskiperutravel.com\\\/product\\\/recorridos-turisticos-night-city-tour\\\/#primaryimage\"},\"thumbnailUrl\":\"https:\\\/\\\/chaskiperutravel.com\\\/wp-content\\\/uploads\\\/2022\\\/04\\\/night-tour-producto-1.png\",\"datePublished\":\"2022-04-22T17:39:14+00:00\",\"dateModified\":\"2022-04-22T22:04:07+00:00\",\"breadcrumb\":{\"@id\":\"https:\\\/\\\/chaskiperutravel.com\\\/product\\\/recorridos-turisticos-night-city-tour\\\/#breadcrumb\"},\"inLanguage\":\"en-US\",\"potentialAction\":[{\"@type\":\"ReadAction\",\"target\":[\"https:\\\/\\\/chaskiperutravel.com\\\/product\\\/recorridos-turisticos-night-city-tour\\\/\"]}]},{\"@type\":\"ImageObject\",\"inLanguage\":\"en-US\",\"@id\":\"https:\\\/\\\/chaskiperutravel.com\\\/product\\\/recorridos-turisticos-night-city-tour\\\/#primaryimage\",\"url\":\"https:\\\/\\\/chaskiperutravel.com\\\/wp-content\\\/uploads\\\/2022\\\/04\\\/night-tour-producto-1.png\",\"contentUrl\":\"https:\\\/\\\/chaskiperutravel.com\\\/wp-content\\\/uploads\\\/2022\\\/04\\\/night-tour-producto-1.png\",\"width\":520,\"height\":564},{\"@type\":\"BreadcrumbList\",\"@id\":\"https:\\\/\\\/chaskiperutravel.com\\\/product\\\/recorridos-turisticos-night-city-tour\\\/#breadcrumb\",\"itemListElement\":[{\"@type\":\"ListItem\",\"position\":1,\"name\":\"Home\",\"item\":\"https:\\\/\\\/chaskiperutravel.com\\\/\"},{\"@type\":\"ListItem\",\"position\":2,\"name\":\"Shop\",\"item\":\"https:\\\/\\\/chaskiperutravel.com\\\/shop\\\/\"},{\"@type\":\"ListItem\",\"position\":3,\"name\":\"RECORRIDOS TURISTICOS: NIGHT CITY TOUR\"}]},{\"@type\":\"WebSite\",\"@id\":\"https:\\\/\\\/chaskiperutravel.com\\\/#website\",\"url\":\"https:\\\/\\\/chaskiperutravel.com\\\/\",\"name\":\"Chaski Per\u00fa Travel\",\"description\":\"Transporte y Turismo\",\"publisher\":{\"@id\":\"https:\\\/\\\/chaskiperutravel.com\\\/#organization\"},\"potentialAction\":[{\"@type\":\"SearchAction\",\"target\":{\"@type\":\"EntryPoint\",\"urlTemplate\":\"https:\\\/\\\/chaskiperutravel.com\\\/?s={search_term_string}\"},\"query-input\":{\"@type\":\"PropertyValueSpecification\",\"valueRequired\":true,\"valueName\":\"search_term_string\"}}],\"inLanguage\":\"en-US\"},{\"@type\":\"Organization\",\"@id\":\"https:\\\/\\\/chaskiperutravel.com\\\/#organization\",\"name\":\"Chaski Per\u00fa Travel\",\"url\":\"https:\\\/\\\/chaskiperutravel.com\\\/\",\"logo\":{\"@type\":\"ImageObject\",\"inLanguage\":\"en-US\",\"@id\":\"https:\\\/\\\/chaskiperutravel.com\\\/#\\\/schema\\\/logo\\\/image\\\/\",\"url\":\"https:\\\/\\\/chaskiperutravel.com\\\/wp-content\\\/uploads\\\/2022\\\/03\\\/cropped-logo-horizontal-1.png\",\"contentUrl\":\"https:\\\/\\\/chaskiperutravel.com\\\/wp-content\\\/uploads\\\/2022\\\/03\\\/cropped-logo-horizontal-1.png\",\"width\":245,\"height\":73,\"caption\":\"Chaski Per\u00fa Travel\"},\"image\":{\"@id\":\"https:\\\/\\\/chaskiperutravel.com\\\/#\\\/schema\\\/logo\\\/image\\\/\"}}]}<\/script>\n<!-- \/ Yoast SEO plugin. -->","yoast_head_json":{"title":"RECORRIDOS TURISTICOS: NIGHT CITY TOUR - Chaski Per\u00fa Travel","robots":{"index":"index","follow":"follow","max-snippet":"max-snippet:-1","max-image-preview":"max-image-preview:large","max-video-preview":"max-video-preview:-1"},"canonical":"https:\/\/chaskiperutravel.com\/en\/product\/recorridos-turisticos-night-city-tour\/","og_locale":"en_US","og_type":"article","og_title":"RECORRIDOS TURISTICOS: NIGHT CITY TOUR - Chaski Per\u00fa Travel","og_description":"VISITA LOS LUGARES M\u00c1S IC\u00d3NICOS DE LIMA BAJO LA LUZ DE LAS ESTRELLAS      Lima es hermosa de d\u00eda, pero a\u00fan m\u00e1s lo es de noche.       En este tour recorrer\u00e1s los m\u00e1s ic\u00f3nicos lugares de la ciudad, empezando por la Huaca Pucllana en la tarde. A continuaci\u00f3n, visitar\u00e1s el mercado indio donde podr\u00e1s conocer la artesan\u00eda peruana y comprar souvenirs.       Podr\u00e1s ser testigo de un bello atardecer en los acantilados de Barranco y finalizar\u00e1s con el m\u00e1s famoso espect\u00e1culo de luces y agua del continente.","og_url":"https:\/\/chaskiperutravel.com\/en\/product\/recorridos-turisticos-night-city-tour\/","og_site_name":"Chaski Per\u00fa Travel","article_modified_time":"2022-04-22T22:04:07+00:00","og_image":[{"width":520,"height":564,"url":"https:\/\/chaskiperutravel.com\/wp-content\/uploads\/2022\/04\/night-tour-producto-1.png","type":"image\/png"}],"twitter_card":"summary_large_image","twitter_misc":{"Est. reading time":"1 minute"},"schema":{"@context":"https:\/\/schema.org","@graph":[{"@type":"WebPage","@id":"https:\/\/chaskiperutravel.com\/product\/recorridos-turisticos-night-city-tour\/","url":"https:\/\/chaskiperutravel.com\/product\/recorridos-turisticos-night-city-tour\/","name":"RECORRIDOS TURISTICOS: NIGHT CITY TOUR - Chaski Per\u00fa Travel","isPartOf":{"@id":"https:\/\/chaskiperutravel.com\/#website"},"primaryImageOfPage":{"@id":"https:\/\/chaskiperutravel.com\/product\/recorridos-turisticos-night-city-tour\/#primaryimage"},"image":{"@id":"https:\/\/chaskiperutravel.com\/product\/recorridos-turisticos-night-city-tour\/#primaryimage"},"thumbnailUrl":"https:\/\/chaskiperutravel.com\/wp-content\/uploads\/2022\/04\/night-tour-producto-1.png","datePublished":"2022-04-22T17:39:14+00:00","dateModified":"2022-04-22T22:04:07+00:00","breadcrumb":{"@id":"https:\/\/chaskiperutravel.com\/product\/recorridos-turisticos-night-city-tour\/#breadcrumb"},"inLanguage":"en-US","potentialAction":[{"@type":"ReadAction","target":["https:\/\/chaskiperutravel.com\/product\/recorridos-turisticos-night-city-tour\/"]}]},{"@type":"ImageObject","inLanguage":"en-US","@id":"https:\/\/chaskiperutravel.com\/product\/recorridos-turisticos-night-city-tour\/#primaryimage","url":"https:\/\/chaskiperutravel.com\/wp-content\/uploads\/2022\/04\/night-tour-producto-1.png","contentUrl":"https:\/\/chaskiperutravel.com\/wp-content\/uploads\/2022\/04\/night-tour-producto-1.png","width":520,"height":564},{"@type":"BreadcrumbList","@id":"https:\/\/chaskiperutravel.com\/product\/recorridos-turisticos-night-city-tour\/#breadcrumb","itemListElement":[{"@type":"ListItem","position":1,"name":"Home","item":"https:\/\/chaskiperutravel.com\/"},{"@type":"ListItem","position":2,"name":"Shop","item":"https:\/\/chaskiperutravel.com\/shop\/"},{"@type":"ListItem","position":3,"name":"RECORRIDOS TURISTICOS: NIGHT CITY TOUR"}]},{"@type":"WebSite","@id":"https:\/\/chaskiperutravel.com\/#website","url":"https:\/\/chaskiperutravel.com\/","name":"Chaski Per\u00fa Travel","description":"Transporte y Turismo","publisher":{"@id":"https:\/\/chaskiperutravel.com\/#organization"},"potentialAction":[{"@type":"SearchAction","target":{"@type":"EntryPoint","urlTemplate":"https:\/\/chaskiperutravel.com\/?s={search_term_string}"},"query-input":{"@type":"PropertyValueSpecification","valueRequired":true,"valueName":"search_term_string"}}],"inLanguage":"en-US"},{"@type":"Organization","@id":"https:\/\/chaskiperutravel.com\/#organization","name":"Chaski Per\u00fa Travel","url":"https:\/\/chaskiperutravel.com\/","logo":{"@type":"ImageObject","inLanguage":"en-US","@id":"https:\/\/chaskiperutravel.com\/#\/schema\/logo\/image\/","url":"https:\/\/chaskiperutravel.com\/wp-content\/uploads\/2022\/03\/cropped-logo-horizontal-1.png","contentUrl":"https:\/\/chaskiperutravel.com\/wp-content\/uploads\/2022\/03\/cropped-logo-horizontal-1.png","width":245,"height":73,"caption":"Chaski Per\u00fa Travel"},"image":{"@id":"https:\/\/chaskiperutravel.com\/#\/schema\/logo\/image\/"}}]}},"_links":{"self":[{"href":"https:\/\/chaskiperutravel.com\/en\/wp-json\/wp\/v2\/product\/5133","targetHints":{"allow":["GET"]}}],"collection":[{"href":"https:\/\/chaskiperutravel.com\/en\/wp-json\/wp\/v2\/product"}],"about":[{"href":"https:\/\/chaskiperutravel.com\/en\/wp-json\/wp\/v2\/types\/product"}],"wp:featuredmedia":[{"embeddable":true,"href":"https:\/\/chaskiperutravel.com\/en\/wp-json\/wp\/v2\/media\/5143"}],"wp:attachment":[{"href":"https:\/\/chaskiperutravel.com\/en\/wp-json\/wp\/v2\/media?parent=5133"}],"wp:term":[{"taxonomy":"product_brand","embeddable":true,"href":"https:\/\/chaskiperutravel.com\/en\/wp-json\/wp\/v2\/product_brand?post=5133"},{"taxonomy":"product_cat","embeddable":true,"href":"https:\/\/chaskiperutravel.com\/en\/wp-json\/wp\/v2\/product_cat?post=5133"},{"taxonomy":"product_tag","embeddable":true,"href":"https:\/\/chaskiperutravel.com\/en\/wp-json\/wp\/v2\/product_tag?post=5133"}],"curies":[{"name":"wp","href":"https:\/\/api.w.org\/{rel}","templated":true}]}}