{"id":5128,"date":"2022-04-22T17:33:08","date_gmt":"2022-04-22T17:33:08","guid":{"rendered":"http:\/\/box5779.temp.domains\/~chaskipe\/?post_type=product&#038;p=5128"},"modified":"2022-04-22T22:03:58","modified_gmt":"2022-04-22T22:03:58","slug":"recorridos-turisticos-centro-historico","status":"publish","type":"product","link":"https:\/\/chaskiperutravel.com\/en\/product\/recorridos-turisticos-centro-historico\/","title":{"rendered":"SIGHTSEEING TOURS: CENTRO HISTORICO"},"content":{"rendered":"","protected":false},"excerpt":{"rendered":"<p><strong>TRAVEL THROUGH THE HEART OF OUR CAPITAL AND WALK THROUGH ITS VICREYAL STREETS<\/strong><\/p>\n<div class=\"elementor-element elementor-element-a6c8725 elementor-widget elementor-widget-text-editor\" data-id=\"a6c8725\" data-element_type=\"widget\" data-widget_type=\"text-editor.default\">\n<div class=\"elementor-widget-container\">\n<p>Founded as the City of Kings in 1535, Lima still retains its colonial and republican essence. Stroll through its wide shreds, admire the beautiful Arabic-style balconies, visit the Cathedral of Lima and take a photo at the Government Palace. Continue your tour in the Catacombs of Lima and the famous Jir\u00f3n de la Uni\u00f3n, where you can shop for souvenirs.<\/p>\n<p>Finally, you will arrive at Plaza San Mart\u00edn, a famous republican square full of nightlife.<\/p>\n<\/div>\n<\/div>","protected":false},"featured_media":5144,"template":"","meta":{"om_disable_all_campaigns":false},"product_brand":[],"product_cat":[61],"product_tag":[],"class_list":{"0":"post-5128","1":"product","2":"type-product","3":"status-publish","4":"has-post-thumbnail","6":"product_cat-recorridos-turisticos","8":"first","9":"instock","10":"shipping-taxable","11":"purchasable","12":"product-type-variable"},"yoast_head":"<!-- This site is optimized with the Yoast SEO plugin v27.3 - https:\/\/yoast.com\/product\/yoast-seo-wordpress\/ -->\n<title>RECORRIDOS TURISTICOS: CENTRO HISTORICO - Chaski Per\u00fa Travel<\/title>\n<meta name=\"robots\" content=\"index, follow, max-snippet:-1, max-image-preview:large, max-video-preview:-1\" \/>\n<link rel=\"canonical\" href=\"https:\/\/chaskiperutravel.com\/en\/product\/recorridos-turisticos-centro-historico\/\" \/>\n<meta property=\"og:locale\" content=\"en_US\" \/>\n<meta property=\"og:type\" content=\"article\" \/>\n<meta property=\"og:title\" content=\"RECORRIDOS TURISTICOS: CENTRO HISTORICO - Chaski Per\u00fa Travel\" \/>\n<meta property=\"og:description\" content=\"RECORRE EL CORAZ\u00d3N DE NUESTRA CAPITAL Y CAMINA POR SUS VIRREINALES CALLES    Fundada como la Ciudad de los Reyes en 1535, Lima a\u00fan guarda su esencia virreinal y republicana. Pasea por sus anchos jirones, admira los bellos balcones de estilo \u00e1rabe, visita la Catedral de Lima y t\u00f3mate una foto en Palacio de Gobierno. Contin\u00faa tu recorrido en las Catacumbas de Lima y el famoso Jir\u00f3n de la Uni\u00f3n, donde podr\u00e1s hacer compras de souvenirs.  Finalmente, llegar\u00e1s a la Plaza San Mart\u00edn, famosa plaza republicana llena de vida nocturna.\" \/>\n<meta property=\"og:url\" content=\"https:\/\/chaskiperutravel.com\/en\/product\/recorridos-turisticos-centro-historico\/\" \/>\n<meta property=\"og:site_name\" content=\"Chaski Per\u00fa Travel\" \/>\n<meta property=\"article:modified_time\" content=\"2022-04-22T22:03:58+00:00\" \/>\n<meta property=\"og:image\" content=\"https:\/\/chaskiperutravel.com\/wp-content\/uploads\/2022\/04\/centro-historico-producto-1.png\" \/>\n\t<meta property=\"og:image:width\" content=\"520\" \/>\n\t<meta property=\"og:image:height\" content=\"564\" \/>\n\t<meta property=\"og:image:type\" content=\"image\/png\" \/>\n<meta name=\"twitter:card\" content=\"summary_large_image\" \/>\n<meta name=\"twitter:label1\" content=\"Est. reading time\" \/>\n\t<meta name=\"twitter:data1\" content=\"1 minute\" \/>\n<script type=\"application\/ld+json\" class=\"yoast-schema-graph\">{\"@context\":\"https:\\\/\\\/schema.org\",\"@graph\":[{\"@type\":\"WebPage\",\"@id\":\"https:\\\/\\\/chaskiperutravel.com\\\/product\\\/recorridos-turisticos-centro-historico\\\/\",\"url\":\"https:\\\/\\\/chaskiperutravel.com\\\/product\\\/recorridos-turisticos-centro-historico\\\/\",\"name\":\"RECORRIDOS TURISTICOS: CENTRO HISTORICO - Chaski Per\u00fa Travel\",\"isPartOf\":{\"@id\":\"https:\\\/\\\/chaskiperutravel.com\\\/#website\"},\"primaryImageOfPage\":{\"@id\":\"https:\\\/\\\/chaskiperutravel.com\\\/product\\\/recorridos-turisticos-centro-historico\\\/#primaryimage\"},\"image\":{\"@id\":\"https:\\\/\\\/chaskiperutravel.com\\\/product\\\/recorridos-turisticos-centro-historico\\\/#primaryimage\"},\"thumbnailUrl\":\"https:\\\/\\\/chaskiperutravel.com\\\/wp-content\\\/uploads\\\/2022\\\/04\\\/centro-historico-producto-1.png\",\"datePublished\":\"2022-04-22T17:33:08+00:00\",\"dateModified\":\"2022-04-22T22:03:58+00:00\",\"breadcrumb\":{\"@id\":\"https:\\\/\\\/chaskiperutravel.com\\\/product\\\/recorridos-turisticos-centro-historico\\\/#breadcrumb\"},\"inLanguage\":\"en-US\",\"potentialAction\":[{\"@type\":\"ReadAction\",\"target\":[\"https:\\\/\\\/chaskiperutravel.com\\\/product\\\/recorridos-turisticos-centro-historico\\\/\"]}]},{\"@type\":\"ImageObject\",\"inLanguage\":\"en-US\",\"@id\":\"https:\\\/\\\/chaskiperutravel.com\\\/product\\\/recorridos-turisticos-centro-historico\\\/#primaryimage\",\"url\":\"https:\\\/\\\/chaskiperutravel.com\\\/wp-content\\\/uploads\\\/2022\\\/04\\\/centro-historico-producto-1.png\",\"contentUrl\":\"https:\\\/\\\/chaskiperutravel.com\\\/wp-content\\\/uploads\\\/2022\\\/04\\\/centro-historico-producto-1.png\",\"width\":520,\"height\":564},{\"@type\":\"BreadcrumbList\",\"@id\":\"https:\\\/\\\/chaskiperutravel.com\\\/product\\\/recorridos-turisticos-centro-historico\\\/#breadcrumb\",\"itemListElement\":[{\"@type\":\"ListItem\",\"position\":1,\"name\":\"Home\",\"item\":\"https:\\\/\\\/chaskiperutravel.com\\\/\"},{\"@type\":\"ListItem\",\"position\":2,\"name\":\"Shop\",\"item\":\"https:\\\/\\\/chaskiperutravel.com\\\/shop\\\/\"},{\"@type\":\"ListItem\",\"position\":3,\"name\":\"RECORRIDOS TURISTICOS: CENTRO HISTORICO\"}]},{\"@type\":\"WebSite\",\"@id\":\"https:\\\/\\\/chaskiperutravel.com\\\/#website\",\"url\":\"https:\\\/\\\/chaskiperutravel.com\\\/\",\"name\":\"Chaski Per\u00fa Travel\",\"description\":\"Transporte y Turismo\",\"publisher\":{\"@id\":\"https:\\\/\\\/chaskiperutravel.com\\\/#organization\"},\"potentialAction\":[{\"@type\":\"SearchAction\",\"target\":{\"@type\":\"EntryPoint\",\"urlTemplate\":\"https:\\\/\\\/chaskiperutravel.com\\\/?s={search_term_string}\"},\"query-input\":{\"@type\":\"PropertyValueSpecification\",\"valueRequired\":true,\"valueName\":\"search_term_string\"}}],\"inLanguage\":\"en-US\"},{\"@type\":\"Organization\",\"@id\":\"https:\\\/\\\/chaskiperutravel.com\\\/#organization\",\"name\":\"Chaski Per\u00fa Travel\",\"url\":\"https:\\\/\\\/chaskiperutravel.com\\\/\",\"logo\":{\"@type\":\"ImageObject\",\"inLanguage\":\"en-US\",\"@id\":\"https:\\\/\\\/chaskiperutravel.com\\\/#\\\/schema\\\/logo\\\/image\\\/\",\"url\":\"https:\\\/\\\/chaskiperutravel.com\\\/wp-content\\\/uploads\\\/2022\\\/03\\\/cropped-logo-horizontal-1.png\",\"contentUrl\":\"https:\\\/\\\/chaskiperutravel.com\\\/wp-content\\\/uploads\\\/2022\\\/03\\\/cropped-logo-horizontal-1.png\",\"width\":245,\"height\":73,\"caption\":\"Chaski Per\u00fa Travel\"},\"image\":{\"@id\":\"https:\\\/\\\/chaskiperutravel.com\\\/#\\\/schema\\\/logo\\\/image\\\/\"}}]}<\/script>\n<!-- \/ Yoast SEO plugin. -->","yoast_head_json":{"title":"RECORRIDOS TURISTICOS: CENTRO HISTORICO - Chaski Per\u00fa Travel","robots":{"index":"index","follow":"follow","max-snippet":"max-snippet:-1","max-image-preview":"max-image-preview:large","max-video-preview":"max-video-preview:-1"},"canonical":"https:\/\/chaskiperutravel.com\/en\/product\/recorridos-turisticos-centro-historico\/","og_locale":"en_US","og_type":"article","og_title":"RECORRIDOS TURISTICOS: CENTRO HISTORICO - Chaski Per\u00fa Travel","og_description":"RECORRE EL CORAZ\u00d3N DE NUESTRA CAPITAL Y CAMINA POR SUS VIRREINALES CALLES    Fundada como la Ciudad de los Reyes en 1535, Lima a\u00fan guarda su esencia virreinal y republicana. Pasea por sus anchos jirones, admira los bellos balcones de estilo \u00e1rabe, visita la Catedral de Lima y t\u00f3mate una foto en Palacio de Gobierno. Contin\u00faa tu recorrido en las Catacumbas de Lima y el famoso Jir\u00f3n de la Uni\u00f3n, donde podr\u00e1s hacer compras de souvenirs.  Finalmente, llegar\u00e1s a la Plaza San Mart\u00edn, famosa plaza republicana llena de vida nocturna.","og_url":"https:\/\/chaskiperutravel.com\/en\/product\/recorridos-turisticos-centro-historico\/","og_site_name":"Chaski Per\u00fa Travel","article_modified_time":"2022-04-22T22:03:58+00:00","og_image":[{"width":520,"height":564,"url":"https:\/\/chaskiperutravel.com\/wp-content\/uploads\/2022\/04\/centro-historico-producto-1.png","type":"image\/png"}],"twitter_card":"summary_large_image","twitter_misc":{"Est. reading time":"1 minute"},"schema":{"@context":"https:\/\/schema.org","@graph":[{"@type":"WebPage","@id":"https:\/\/chaskiperutravel.com\/product\/recorridos-turisticos-centro-historico\/","url":"https:\/\/chaskiperutravel.com\/product\/recorridos-turisticos-centro-historico\/","name":"RECORRIDOS TURISTICOS: CENTRO HISTORICO - Chaski Per\u00fa Travel","isPartOf":{"@id":"https:\/\/chaskiperutravel.com\/#website"},"primaryImageOfPage":{"@id":"https:\/\/chaskiperutravel.com\/product\/recorridos-turisticos-centro-historico\/#primaryimage"},"image":{"@id":"https:\/\/chaskiperutravel.com\/product\/recorridos-turisticos-centro-historico\/#primaryimage"},"thumbnailUrl":"https:\/\/chaskiperutravel.com\/wp-content\/uploads\/2022\/04\/centro-historico-producto-1.png","datePublished":"2022-04-22T17:33:08+00:00","dateModified":"2022-04-22T22:03:58+00:00","breadcrumb":{"@id":"https:\/\/chaskiperutravel.com\/product\/recorridos-turisticos-centro-historico\/#breadcrumb"},"inLanguage":"en-US","potentialAction":[{"@type":"ReadAction","target":["https:\/\/chaskiperutravel.com\/product\/recorridos-turisticos-centro-historico\/"]}]},{"@type":"ImageObject","inLanguage":"en-US","@id":"https:\/\/chaskiperutravel.com\/product\/recorridos-turisticos-centro-historico\/#primaryimage","url":"https:\/\/chaskiperutravel.com\/wp-content\/uploads\/2022\/04\/centro-historico-producto-1.png","contentUrl":"https:\/\/chaskiperutravel.com\/wp-content\/uploads\/2022\/04\/centro-historico-producto-1.png","width":520,"height":564},{"@type":"BreadcrumbList","@id":"https:\/\/chaskiperutravel.com\/product\/recorridos-turisticos-centro-historico\/#breadcrumb","itemListElement":[{"@type":"ListItem","position":1,"name":"Home","item":"https:\/\/chaskiperutravel.com\/"},{"@type":"ListItem","position":2,"name":"Shop","item":"https:\/\/chaskiperutravel.com\/shop\/"},{"@type":"ListItem","position":3,"name":"RECORRIDOS TURISTICOS: CENTRO HISTORICO"}]},{"@type":"WebSite","@id":"https:\/\/chaskiperutravel.com\/#website","url":"https:\/\/chaskiperutravel.com\/","name":"Chaski Per\u00fa Travel","description":"Transporte y Turismo","publisher":{"@id":"https:\/\/chaskiperutravel.com\/#organization"},"potentialAction":[{"@type":"SearchAction","target":{"@type":"EntryPoint","urlTemplate":"https:\/\/chaskiperutravel.com\/?s={search_term_string}"},"query-input":{"@type":"PropertyValueSpecification","valueRequired":true,"valueName":"search_term_string"}}],"inLanguage":"en-US"},{"@type":"Organization","@id":"https:\/\/chaskiperutravel.com\/#organization","name":"Chaski Per\u00fa Travel","url":"https:\/\/chaskiperutravel.com\/","logo":{"@type":"ImageObject","inLanguage":"en-US","@id":"https:\/\/chaskiperutravel.com\/#\/schema\/logo\/image\/","url":"https:\/\/chaskiperutravel.com\/wp-content\/uploads\/2022\/03\/cropped-logo-horizontal-1.png","contentUrl":"https:\/\/chaskiperutravel.com\/wp-content\/uploads\/2022\/03\/cropped-logo-horizontal-1.png","width":245,"height":73,"caption":"Chaski Per\u00fa Travel"},"image":{"@id":"https:\/\/chaskiperutravel.com\/#\/schema\/logo\/image\/"}}]}},"_links":{"self":[{"href":"https:\/\/chaskiperutravel.com\/en\/wp-json\/wp\/v2\/product\/5128","targetHints":{"allow":["GET"]}}],"collection":[{"href":"https:\/\/chaskiperutravel.com\/en\/wp-json\/wp\/v2\/product"}],"about":[{"href":"https:\/\/chaskiperutravel.com\/en\/wp-json\/wp\/v2\/types\/product"}],"wp:featuredmedia":[{"embeddable":true,"href":"https:\/\/chaskiperutravel.com\/en\/wp-json\/wp\/v2\/media\/5144"}],"wp:attachment":[{"href":"https:\/\/chaskiperutravel.com\/en\/wp-json\/wp\/v2\/media?parent=5128"}],"wp:term":[{"taxonomy":"product_brand","embeddable":true,"href":"https:\/\/chaskiperutravel.com\/en\/wp-json\/wp\/v2\/product_brand?post=5128"},{"taxonomy":"product_cat","embeddable":true,"href":"https:\/\/chaskiperutravel.com\/en\/wp-json\/wp\/v2\/product_cat?post=5128"},{"taxonomy":"product_tag","embeddable":true,"href":"https:\/\/chaskiperutravel.com\/en\/wp-json\/wp\/v2\/product_tag?post=5128"}],"curies":[{"name":"wp","href":"https:\/\/api.w.org\/{rel}","templated":true}]}}