{"id":5122,"date":"2022-04-22T17:15:24","date_gmt":"2022-04-22T17:15:24","guid":{"rendered":"http:\/\/box5779.temp.domains\/~chaskipe\/?post_type=product&#038;p=5122"},"modified":"2022-04-22T22:04:29","modified_gmt":"2022-04-22T22:04:29","slug":"recorridos-turisticos-ruta-museistica","status":"publish","type":"product","link":"https:\/\/chaskiperutravel.com\/en\/product\/recorridos-turisticos-ruta-museistica\/","title":{"rendered":"SIGHTSEEING TOURS: RUTA MUSEISTICA"},"content":{"rendered":"","protected":false},"excerpt":{"rendered":"<p><strong>VISIT THE <\/strong><strong>MAIN MUSEUMS <\/strong><strong>IN LIMA AND GET SUPRISED <\/strong><strong>WITH OUR HISTORY<\/strong><\/p>\n<div class=\"elementor-element elementor-element-a6c8725 elementor-widget elementor-widget-text-editor\" data-id=\"a6c8725\" data-element_type=\"widget\" data-widget_type=\"text-editor.default\">\n<div class=\"elementor-widget-container\">\n<p>Art, history, culture and religion will be the themes of this tour, where you will be able to visit 3* of the main museums in Lima.<\/p>\n<\/div>\n<\/div>\n<div class=\"elementor-element elementor-element-85a1944 elementor-widget elementor-widget-text-editor\" data-id=\"85a1944\" data-element_type=\"widget\" data-widget_type=\"text-editor.default\">\n<div class=\"elementor-widget-container\">\n<p>In the MUCEN, the Museum of the Central Reserve Bank, you can learn about numismatics and colonial art. In San Francisco, you will see the Catacombs of Viceroyalty Lima. At the Larco Museum, you can see the largest collection of pre-Columbian and Inca items. Finally, on Sundays you can visit the MALI, the Lima Art Museum.<\/p>\n<\/div>\n<\/div>","protected":false},"featured_media":5142,"template":"","meta":{"om_disable_all_campaigns":false},"product_brand":[],"product_cat":[61],"product_tag":[],"class_list":{"0":"post-5122","1":"product","2":"type-product","3":"status-publish","4":"has-post-thumbnail","6":"product_cat-recorridos-turisticos","8":"first","9":"instock","10":"shipping-taxable","11":"purchasable","12":"product-type-variable"},"yoast_head":"<!-- This site is optimized with the Yoast SEO plugin v27.3 - https:\/\/yoast.com\/product\/yoast-seo-wordpress\/ -->\n<title>RECORRIDOS TURISTICOS: RUTA MUSEISTICA - Chaski Per\u00fa Travel<\/title>\n<meta name=\"robots\" content=\"index, follow, max-snippet:-1, max-image-preview:large, max-video-preview:-1\" \/>\n<link rel=\"canonical\" href=\"https:\/\/chaskiperutravel.com\/en\/product\/recorridos-turisticos-ruta-museistica\/\" \/>\n<meta property=\"og:locale\" content=\"en_US\" \/>\n<meta property=\"og:type\" content=\"article\" \/>\n<meta property=\"og:title\" content=\"RECORRIDOS TURISTICOS: RUTA MUSEISTICA - Chaski Per\u00fa Travel\" \/>\n<meta property=\"og:description\" content=\"RECORRE LOS PRINCIPALES MUSEOS DE LIMA Y SORPR\u00c9NDETE CON NUESTRA HISTORIA    Arte, historia, cultura y religi\u00f3n ser\u00e1n las tem\u00e1ticas de este recorrido, en el que podr\u00e1s visitar 3* de los principales museos de Lima.       En el MUCEN, el Museo del Banco Central de Reserva, podr\u00e1s conocer sobre la numism\u00e1tica y arte colonial. En San Francisco, ver\u00e1s las Catacumbas de la Lima Virreinal. En el Museo Larco, podr\u00e1s ver la colecci\u00f3n m\u00e1s grande de art\u00edculos precolombinos e incaicos. Por \u00faltimo, los domingos podr\u00e1s visitar el MALI, el Museo de Arte de Lima.\" \/>\n<meta property=\"og:url\" content=\"https:\/\/chaskiperutravel.com\/en\/product\/recorridos-turisticos-ruta-museistica\/\" \/>\n<meta property=\"og:site_name\" content=\"Chaski Per\u00fa Travel\" \/>\n<meta property=\"article:modified_time\" content=\"2022-04-22T22:04:29+00:00\" \/>\n<meta property=\"og:image\" content=\"https:\/\/chaskiperutravel.com\/wp-content\/uploads\/2022\/04\/ruta-museistica-producto-1.png\" \/>\n\t<meta property=\"og:image:width\" content=\"520\" \/>\n\t<meta property=\"og:image:height\" content=\"564\" \/>\n\t<meta property=\"og:image:type\" content=\"image\/png\" \/>\n<meta name=\"twitter:card\" content=\"summary_large_image\" \/>\n<meta name=\"twitter:label1\" content=\"Est. reading time\" \/>\n\t<meta name=\"twitter:data1\" content=\"1 minute\" \/>\n<script type=\"application\/ld+json\" class=\"yoast-schema-graph\">{\"@context\":\"https:\\\/\\\/schema.org\",\"@graph\":[{\"@type\":\"WebPage\",\"@id\":\"https:\\\/\\\/chaskiperutravel.com\\\/product\\\/recorridos-turisticos-ruta-museistica\\\/\",\"url\":\"https:\\\/\\\/chaskiperutravel.com\\\/product\\\/recorridos-turisticos-ruta-museistica\\\/\",\"name\":\"RECORRIDOS TURISTICOS: RUTA MUSEISTICA - Chaski Per\u00fa Travel\",\"isPartOf\":{\"@id\":\"https:\\\/\\\/chaskiperutravel.com\\\/#website\"},\"primaryImageOfPage\":{\"@id\":\"https:\\\/\\\/chaskiperutravel.com\\\/product\\\/recorridos-turisticos-ruta-museistica\\\/#primaryimage\"},\"image\":{\"@id\":\"https:\\\/\\\/chaskiperutravel.com\\\/product\\\/recorridos-turisticos-ruta-museistica\\\/#primaryimage\"},\"thumbnailUrl\":\"https:\\\/\\\/chaskiperutravel.com\\\/wp-content\\\/uploads\\\/2022\\\/04\\\/ruta-museistica-producto-1.png\",\"datePublished\":\"2022-04-22T17:15:24+00:00\",\"dateModified\":\"2022-04-22T22:04:29+00:00\",\"breadcrumb\":{\"@id\":\"https:\\\/\\\/chaskiperutravel.com\\\/product\\\/recorridos-turisticos-ruta-museistica\\\/#breadcrumb\"},\"inLanguage\":\"en-US\",\"potentialAction\":[{\"@type\":\"ReadAction\",\"target\":[\"https:\\\/\\\/chaskiperutravel.com\\\/product\\\/recorridos-turisticos-ruta-museistica\\\/\"]}]},{\"@type\":\"ImageObject\",\"inLanguage\":\"en-US\",\"@id\":\"https:\\\/\\\/chaskiperutravel.com\\\/product\\\/recorridos-turisticos-ruta-museistica\\\/#primaryimage\",\"url\":\"https:\\\/\\\/chaskiperutravel.com\\\/wp-content\\\/uploads\\\/2022\\\/04\\\/ruta-museistica-producto-1.png\",\"contentUrl\":\"https:\\\/\\\/chaskiperutravel.com\\\/wp-content\\\/uploads\\\/2022\\\/04\\\/ruta-museistica-producto-1.png\",\"width\":520,\"height\":564},{\"@type\":\"BreadcrumbList\",\"@id\":\"https:\\\/\\\/chaskiperutravel.com\\\/product\\\/recorridos-turisticos-ruta-museistica\\\/#breadcrumb\",\"itemListElement\":[{\"@type\":\"ListItem\",\"position\":1,\"name\":\"Home\",\"item\":\"https:\\\/\\\/chaskiperutravel.com\\\/\"},{\"@type\":\"ListItem\",\"position\":2,\"name\":\"Shop\",\"item\":\"https:\\\/\\\/chaskiperutravel.com\\\/shop\\\/\"},{\"@type\":\"ListItem\",\"position\":3,\"name\":\"RECORRIDOS TURISTICOS: RUTA MUSEISTICA\"}]},{\"@type\":\"WebSite\",\"@id\":\"https:\\\/\\\/chaskiperutravel.com\\\/#website\",\"url\":\"https:\\\/\\\/chaskiperutravel.com\\\/\",\"name\":\"Chaski Per\u00fa Travel\",\"description\":\"Transporte y Turismo\",\"publisher\":{\"@id\":\"https:\\\/\\\/chaskiperutravel.com\\\/#organization\"},\"potentialAction\":[{\"@type\":\"SearchAction\",\"target\":{\"@type\":\"EntryPoint\",\"urlTemplate\":\"https:\\\/\\\/chaskiperutravel.com\\\/?s={search_term_string}\"},\"query-input\":{\"@type\":\"PropertyValueSpecification\",\"valueRequired\":true,\"valueName\":\"search_term_string\"}}],\"inLanguage\":\"en-US\"},{\"@type\":\"Organization\",\"@id\":\"https:\\\/\\\/chaskiperutravel.com\\\/#organization\",\"name\":\"Chaski Per\u00fa Travel\",\"url\":\"https:\\\/\\\/chaskiperutravel.com\\\/\",\"logo\":{\"@type\":\"ImageObject\",\"inLanguage\":\"en-US\",\"@id\":\"https:\\\/\\\/chaskiperutravel.com\\\/#\\\/schema\\\/logo\\\/image\\\/\",\"url\":\"https:\\\/\\\/chaskiperutravel.com\\\/wp-content\\\/uploads\\\/2022\\\/03\\\/cropped-logo-horizontal-1.png\",\"contentUrl\":\"https:\\\/\\\/chaskiperutravel.com\\\/wp-content\\\/uploads\\\/2022\\\/03\\\/cropped-logo-horizontal-1.png\",\"width\":245,\"height\":73,\"caption\":\"Chaski Per\u00fa Travel\"},\"image\":{\"@id\":\"https:\\\/\\\/chaskiperutravel.com\\\/#\\\/schema\\\/logo\\\/image\\\/\"}}]}<\/script>\n<!-- \/ Yoast SEO plugin. -->","yoast_head_json":{"title":"RECORRIDOS TURISTICOS: RUTA MUSEISTICA - Chaski Per\u00fa Travel","robots":{"index":"index","follow":"follow","max-snippet":"max-snippet:-1","max-image-preview":"max-image-preview:large","max-video-preview":"max-video-preview:-1"},"canonical":"https:\/\/chaskiperutravel.com\/en\/product\/recorridos-turisticos-ruta-museistica\/","og_locale":"en_US","og_type":"article","og_title":"RECORRIDOS TURISTICOS: RUTA MUSEISTICA - Chaski Per\u00fa Travel","og_description":"RECORRE LOS PRINCIPALES MUSEOS DE LIMA Y SORPR\u00c9NDETE CON NUESTRA HISTORIA    Arte, historia, cultura y religi\u00f3n ser\u00e1n las tem\u00e1ticas de este recorrido, en el que podr\u00e1s visitar 3* de los principales museos de Lima.       En el MUCEN, el Museo del Banco Central de Reserva, podr\u00e1s conocer sobre la numism\u00e1tica y arte colonial. En San Francisco, ver\u00e1s las Catacumbas de la Lima Virreinal. En el Museo Larco, podr\u00e1s ver la colecci\u00f3n m\u00e1s grande de art\u00edculos precolombinos e incaicos. Por \u00faltimo, los domingos podr\u00e1s visitar el MALI, el Museo de Arte de Lima.","og_url":"https:\/\/chaskiperutravel.com\/en\/product\/recorridos-turisticos-ruta-museistica\/","og_site_name":"Chaski Per\u00fa Travel","article_modified_time":"2022-04-22T22:04:29+00:00","og_image":[{"width":520,"height":564,"url":"https:\/\/chaskiperutravel.com\/wp-content\/uploads\/2022\/04\/ruta-museistica-producto-1.png","type":"image\/png"}],"twitter_card":"summary_large_image","twitter_misc":{"Est. reading time":"1 minute"},"schema":{"@context":"https:\/\/schema.org","@graph":[{"@type":"WebPage","@id":"https:\/\/chaskiperutravel.com\/product\/recorridos-turisticos-ruta-museistica\/","url":"https:\/\/chaskiperutravel.com\/product\/recorridos-turisticos-ruta-museistica\/","name":"RECORRIDOS TURISTICOS: RUTA MUSEISTICA - Chaski Per\u00fa Travel","isPartOf":{"@id":"https:\/\/chaskiperutravel.com\/#website"},"primaryImageOfPage":{"@id":"https:\/\/chaskiperutravel.com\/product\/recorridos-turisticos-ruta-museistica\/#primaryimage"},"image":{"@id":"https:\/\/chaskiperutravel.com\/product\/recorridos-turisticos-ruta-museistica\/#primaryimage"},"thumbnailUrl":"https:\/\/chaskiperutravel.com\/wp-content\/uploads\/2022\/04\/ruta-museistica-producto-1.png","datePublished":"2022-04-22T17:15:24+00:00","dateModified":"2022-04-22T22:04:29+00:00","breadcrumb":{"@id":"https:\/\/chaskiperutravel.com\/product\/recorridos-turisticos-ruta-museistica\/#breadcrumb"},"inLanguage":"en-US","potentialAction":[{"@type":"ReadAction","target":["https:\/\/chaskiperutravel.com\/product\/recorridos-turisticos-ruta-museistica\/"]}]},{"@type":"ImageObject","inLanguage":"en-US","@id":"https:\/\/chaskiperutravel.com\/product\/recorridos-turisticos-ruta-museistica\/#primaryimage","url":"https:\/\/chaskiperutravel.com\/wp-content\/uploads\/2022\/04\/ruta-museistica-producto-1.png","contentUrl":"https:\/\/chaskiperutravel.com\/wp-content\/uploads\/2022\/04\/ruta-museistica-producto-1.png","width":520,"height":564},{"@type":"BreadcrumbList","@id":"https:\/\/chaskiperutravel.com\/product\/recorridos-turisticos-ruta-museistica\/#breadcrumb","itemListElement":[{"@type":"ListItem","position":1,"name":"Home","item":"https:\/\/chaskiperutravel.com\/"},{"@type":"ListItem","position":2,"name":"Shop","item":"https:\/\/chaskiperutravel.com\/shop\/"},{"@type":"ListItem","position":3,"name":"RECORRIDOS TURISTICOS: RUTA MUSEISTICA"}]},{"@type":"WebSite","@id":"https:\/\/chaskiperutravel.com\/#website","url":"https:\/\/chaskiperutravel.com\/","name":"Chaski Per\u00fa Travel","description":"Transporte y Turismo","publisher":{"@id":"https:\/\/chaskiperutravel.com\/#organization"},"potentialAction":[{"@type":"SearchAction","target":{"@type":"EntryPoint","urlTemplate":"https:\/\/chaskiperutravel.com\/?s={search_term_string}"},"query-input":{"@type":"PropertyValueSpecification","valueRequired":true,"valueName":"search_term_string"}}],"inLanguage":"en-US"},{"@type":"Organization","@id":"https:\/\/chaskiperutravel.com\/#organization","name":"Chaski Per\u00fa Travel","url":"https:\/\/chaskiperutravel.com\/","logo":{"@type":"ImageObject","inLanguage":"en-US","@id":"https:\/\/chaskiperutravel.com\/#\/schema\/logo\/image\/","url":"https:\/\/chaskiperutravel.com\/wp-content\/uploads\/2022\/03\/cropped-logo-horizontal-1.png","contentUrl":"https:\/\/chaskiperutravel.com\/wp-content\/uploads\/2022\/03\/cropped-logo-horizontal-1.png","width":245,"height":73,"caption":"Chaski Per\u00fa Travel"},"image":{"@id":"https:\/\/chaskiperutravel.com\/#\/schema\/logo\/image\/"}}]}},"_links":{"self":[{"href":"https:\/\/chaskiperutravel.com\/en\/wp-json\/wp\/v2\/product\/5122","targetHints":{"allow":["GET"]}}],"collection":[{"href":"https:\/\/chaskiperutravel.com\/en\/wp-json\/wp\/v2\/product"}],"about":[{"href":"https:\/\/chaskiperutravel.com\/en\/wp-json\/wp\/v2\/types\/product"}],"wp:featuredmedia":[{"embeddable":true,"href":"https:\/\/chaskiperutravel.com\/en\/wp-json\/wp\/v2\/media\/5142"}],"wp:attachment":[{"href":"https:\/\/chaskiperutravel.com\/en\/wp-json\/wp\/v2\/media?parent=5122"}],"wp:term":[{"taxonomy":"product_brand","embeddable":true,"href":"https:\/\/chaskiperutravel.com\/en\/wp-json\/wp\/v2\/product_brand?post=5122"},{"taxonomy":"product_cat","embeddable":true,"href":"https:\/\/chaskiperutravel.com\/en\/wp-json\/wp\/v2\/product_cat?post=5122"},{"taxonomy":"product_tag","embeddable":true,"href":"https:\/\/chaskiperutravel.com\/en\/wp-json\/wp\/v2\/product_tag?post=5122"}],"curies":[{"name":"wp","href":"https:\/\/api.w.org\/{rel}","templated":true}]}}