{"id":4985,"date":"2022-04-14T19:22:04","date_gmt":"2022-04-14T19:22:04","guid":{"rendered":"http:\/\/box5779.temp.domains\/~chaskipe\/?post_type=product&#038;p=4985"},"modified":"2022-04-22T22:05:59","modified_gmt":"2022-04-22T22:05:59","slug":"veranea-con-chaski-anta-maria","status":"publish","type":"product","link":"https:\/\/chaskiperutravel.com\/en\/product\/veranea-con-chaski-anta-maria\/","title":{"rendered":"SUMMER WITH CHASKI: SANTA MARIA"},"content":{"rendered":"","protected":false},"excerpt":{"rendered":"<p>Un balneario con un tranquilo mar, perfecto para nadar en familia, y una urbanizaci\u00f3n moderna frente a un oc\u00e9ano lleno de yates y arena fina. Km. 53.<\/p>","protected":false},"featured_media":5151,"template":"","meta":{"om_disable_all_campaigns":false},"product_brand":[],"product_cat":[60],"product_tag":[],"class_list":{"0":"post-4985","1":"product","2":"type-product","3":"status-publish","4":"has-post-thumbnail","6":"product_cat-veranea-con-chaski","8":"first","9":"instock","10":"shipping-taxable","11":"purchasable","12":"product-type-variable","13":"has-default-attributes"},"yoast_head":"<!-- This site is optimized with the Yoast SEO plugin v27.3 - https:\/\/yoast.com\/product\/yoast-seo-wordpress\/ -->\n<title>VERANEA CON CHASKI: SANTA MARIA - Chaski Per\u00fa Travel<\/title>\n<meta name=\"robots\" content=\"index, follow, max-snippet:-1, max-image-preview:large, max-video-preview:-1\" \/>\n<link rel=\"canonical\" href=\"https:\/\/chaskiperutravel.com\/en\/product\/veranea-con-chaski-anta-maria\/\" \/>\n<meta property=\"og:locale\" content=\"en_US\" \/>\n<meta property=\"og:type\" content=\"article\" \/>\n<meta property=\"og:title\" content=\"VERANEA CON CHASKI: SANTA MARIA - Chaski Per\u00fa Travel\" \/>\n<meta property=\"og:description\" content=\"Un balneario con un tranquilo mar, perfecto para nadar en familia, y una urbanizaci\u00f3n moderna frente a un oc\u00e9ano lleno de yates y arena fina. Km. 53.\" \/>\n<meta property=\"og:url\" content=\"https:\/\/chaskiperutravel.com\/en\/product\/veranea-con-chaski-anta-maria\/\" \/>\n<meta property=\"og:site_name\" content=\"Chaski Per\u00fa Travel\" \/>\n<meta property=\"article:modified_time\" content=\"2022-04-22T22:05:59+00:00\" \/>\n<meta property=\"og:image\" content=\"https:\/\/chaskiperutravel.com\/wp-content\/uploads\/2022\/04\/santa-maria.png\" \/>\n\t<meta property=\"og:image:width\" content=\"520\" \/>\n\t<meta property=\"og:image:height\" content=\"564\" \/>\n\t<meta property=\"og:image:type\" content=\"image\/png\" \/>\n<meta name=\"twitter:card\" content=\"summary_large_image\" \/>\n<meta name=\"twitter:label1\" content=\"Est. reading time\" \/>\n\t<meta name=\"twitter:data1\" content=\"1 minute\" \/>\n<script type=\"application\/ld+json\" class=\"yoast-schema-graph\">{\"@context\":\"https:\\\/\\\/schema.org\",\"@graph\":[{\"@type\":\"WebPage\",\"@id\":\"https:\\\/\\\/chaskiperutravel.com\\\/product\\\/veranea-con-chaski-anta-maria\\\/\",\"url\":\"https:\\\/\\\/chaskiperutravel.com\\\/product\\\/veranea-con-chaski-anta-maria\\\/\",\"name\":\"VERANEA CON CHASKI: SANTA MARIA - Chaski Per\u00fa Travel\",\"isPartOf\":{\"@id\":\"https:\\\/\\\/chaskiperutravel.com\\\/#website\"},\"primaryImageOfPage\":{\"@id\":\"https:\\\/\\\/chaskiperutravel.com\\\/product\\\/veranea-con-chaski-anta-maria\\\/#primaryimage\"},\"image\":{\"@id\":\"https:\\\/\\\/chaskiperutravel.com\\\/product\\\/veranea-con-chaski-anta-maria\\\/#primaryimage\"},\"thumbnailUrl\":\"https:\\\/\\\/chaskiperutravel.com\\\/wp-content\\\/uploads\\\/2022\\\/04\\\/santa-maria.png\",\"datePublished\":\"2022-04-14T19:22:04+00:00\",\"dateModified\":\"2022-04-22T22:05:59+00:00\",\"breadcrumb\":{\"@id\":\"https:\\\/\\\/chaskiperutravel.com\\\/product\\\/veranea-con-chaski-anta-maria\\\/#breadcrumb\"},\"inLanguage\":\"en-US\",\"potentialAction\":[{\"@type\":\"ReadAction\",\"target\":[\"https:\\\/\\\/chaskiperutravel.com\\\/product\\\/veranea-con-chaski-anta-maria\\\/\"]}]},{\"@type\":\"ImageObject\",\"inLanguage\":\"en-US\",\"@id\":\"https:\\\/\\\/chaskiperutravel.com\\\/product\\\/veranea-con-chaski-anta-maria\\\/#primaryimage\",\"url\":\"https:\\\/\\\/chaskiperutravel.com\\\/wp-content\\\/uploads\\\/2022\\\/04\\\/santa-maria.png\",\"contentUrl\":\"https:\\\/\\\/chaskiperutravel.com\\\/wp-content\\\/uploads\\\/2022\\\/04\\\/santa-maria.png\",\"width\":520,\"height\":564},{\"@type\":\"BreadcrumbList\",\"@id\":\"https:\\\/\\\/chaskiperutravel.com\\\/product\\\/veranea-con-chaski-anta-maria\\\/#breadcrumb\",\"itemListElement\":[{\"@type\":\"ListItem\",\"position\":1,\"name\":\"Home\",\"item\":\"https:\\\/\\\/chaskiperutravel.com\\\/\"},{\"@type\":\"ListItem\",\"position\":2,\"name\":\"Shop\",\"item\":\"https:\\\/\\\/chaskiperutravel.com\\\/shop\\\/\"},{\"@type\":\"ListItem\",\"position\":3,\"name\":\"VERANEA CON CHASKI: SANTA MARIA\"}]},{\"@type\":\"WebSite\",\"@id\":\"https:\\\/\\\/chaskiperutravel.com\\\/#website\",\"url\":\"https:\\\/\\\/chaskiperutravel.com\\\/\",\"name\":\"Chaski Per\u00fa Travel\",\"description\":\"Transporte y Turismo\",\"publisher\":{\"@id\":\"https:\\\/\\\/chaskiperutravel.com\\\/#organization\"},\"potentialAction\":[{\"@type\":\"SearchAction\",\"target\":{\"@type\":\"EntryPoint\",\"urlTemplate\":\"https:\\\/\\\/chaskiperutravel.com\\\/?s={search_term_string}\"},\"query-input\":{\"@type\":\"PropertyValueSpecification\",\"valueRequired\":true,\"valueName\":\"search_term_string\"}}],\"inLanguage\":\"en-US\"},{\"@type\":\"Organization\",\"@id\":\"https:\\\/\\\/chaskiperutravel.com\\\/#organization\",\"name\":\"Chaski Per\u00fa Travel\",\"url\":\"https:\\\/\\\/chaskiperutravel.com\\\/\",\"logo\":{\"@type\":\"ImageObject\",\"inLanguage\":\"en-US\",\"@id\":\"https:\\\/\\\/chaskiperutravel.com\\\/#\\\/schema\\\/logo\\\/image\\\/\",\"url\":\"https:\\\/\\\/chaskiperutravel.com\\\/wp-content\\\/uploads\\\/2022\\\/03\\\/cropped-logo-horizontal-1.png\",\"contentUrl\":\"https:\\\/\\\/chaskiperutravel.com\\\/wp-content\\\/uploads\\\/2022\\\/03\\\/cropped-logo-horizontal-1.png\",\"width\":245,\"height\":73,\"caption\":\"Chaski Per\u00fa Travel\"},\"image\":{\"@id\":\"https:\\\/\\\/chaskiperutravel.com\\\/#\\\/schema\\\/logo\\\/image\\\/\"}}]}<\/script>\n<!-- \/ Yoast SEO plugin. -->","yoast_head_json":{"title":"VERANEA CON CHASKI: SANTA MARIA - Chaski Per\u00fa Travel","robots":{"index":"index","follow":"follow","max-snippet":"max-snippet:-1","max-image-preview":"max-image-preview:large","max-video-preview":"max-video-preview:-1"},"canonical":"https:\/\/chaskiperutravel.com\/en\/product\/veranea-con-chaski-anta-maria\/","og_locale":"en_US","og_type":"article","og_title":"VERANEA CON CHASKI: SANTA MARIA - Chaski Per\u00fa Travel","og_description":"Un balneario con un tranquilo mar, perfecto para nadar en familia, y una urbanizaci\u00f3n moderna frente a un oc\u00e9ano lleno de yates y arena fina. Km. 53.","og_url":"https:\/\/chaskiperutravel.com\/en\/product\/veranea-con-chaski-anta-maria\/","og_site_name":"Chaski Per\u00fa Travel","article_modified_time":"2022-04-22T22:05:59+00:00","og_image":[{"width":520,"height":564,"url":"https:\/\/chaskiperutravel.com\/wp-content\/uploads\/2022\/04\/santa-maria.png","type":"image\/png"}],"twitter_card":"summary_large_image","twitter_misc":{"Est. reading time":"1 minute"},"schema":{"@context":"https:\/\/schema.org","@graph":[{"@type":"WebPage","@id":"https:\/\/chaskiperutravel.com\/product\/veranea-con-chaski-anta-maria\/","url":"https:\/\/chaskiperutravel.com\/product\/veranea-con-chaski-anta-maria\/","name":"VERANEA CON CHASKI: SANTA MARIA - Chaski Per\u00fa Travel","isPartOf":{"@id":"https:\/\/chaskiperutravel.com\/#website"},"primaryImageOfPage":{"@id":"https:\/\/chaskiperutravel.com\/product\/veranea-con-chaski-anta-maria\/#primaryimage"},"image":{"@id":"https:\/\/chaskiperutravel.com\/product\/veranea-con-chaski-anta-maria\/#primaryimage"},"thumbnailUrl":"https:\/\/chaskiperutravel.com\/wp-content\/uploads\/2022\/04\/santa-maria.png","datePublished":"2022-04-14T19:22:04+00:00","dateModified":"2022-04-22T22:05:59+00:00","breadcrumb":{"@id":"https:\/\/chaskiperutravel.com\/product\/veranea-con-chaski-anta-maria\/#breadcrumb"},"inLanguage":"en-US","potentialAction":[{"@type":"ReadAction","target":["https:\/\/chaskiperutravel.com\/product\/veranea-con-chaski-anta-maria\/"]}]},{"@type":"ImageObject","inLanguage":"en-US","@id":"https:\/\/chaskiperutravel.com\/product\/veranea-con-chaski-anta-maria\/#primaryimage","url":"https:\/\/chaskiperutravel.com\/wp-content\/uploads\/2022\/04\/santa-maria.png","contentUrl":"https:\/\/chaskiperutravel.com\/wp-content\/uploads\/2022\/04\/santa-maria.png","width":520,"height":564},{"@type":"BreadcrumbList","@id":"https:\/\/chaskiperutravel.com\/product\/veranea-con-chaski-anta-maria\/#breadcrumb","itemListElement":[{"@type":"ListItem","position":1,"name":"Home","item":"https:\/\/chaskiperutravel.com\/"},{"@type":"ListItem","position":2,"name":"Shop","item":"https:\/\/chaskiperutravel.com\/shop\/"},{"@type":"ListItem","position":3,"name":"VERANEA CON CHASKI: SANTA MARIA"}]},{"@type":"WebSite","@id":"https:\/\/chaskiperutravel.com\/#website","url":"https:\/\/chaskiperutravel.com\/","name":"Chaski Per\u00fa Travel","description":"Transporte y Turismo","publisher":{"@id":"https:\/\/chaskiperutravel.com\/#organization"},"potentialAction":[{"@type":"SearchAction","target":{"@type":"EntryPoint","urlTemplate":"https:\/\/chaskiperutravel.com\/?s={search_term_string}"},"query-input":{"@type":"PropertyValueSpecification","valueRequired":true,"valueName":"search_term_string"}}],"inLanguage":"en-US"},{"@type":"Organization","@id":"https:\/\/chaskiperutravel.com\/#organization","name":"Chaski Per\u00fa Travel","url":"https:\/\/chaskiperutravel.com\/","logo":{"@type":"ImageObject","inLanguage":"en-US","@id":"https:\/\/chaskiperutravel.com\/#\/schema\/logo\/image\/","url":"https:\/\/chaskiperutravel.com\/wp-content\/uploads\/2022\/03\/cropped-logo-horizontal-1.png","contentUrl":"https:\/\/chaskiperutravel.com\/wp-content\/uploads\/2022\/03\/cropped-logo-horizontal-1.png","width":245,"height":73,"caption":"Chaski Per\u00fa Travel"},"image":{"@id":"https:\/\/chaskiperutravel.com\/#\/schema\/logo\/image\/"}}]}},"_links":{"self":[{"href":"https:\/\/chaskiperutravel.com\/en\/wp-json\/wp\/v2\/product\/4985","targetHints":{"allow":["GET"]}}],"collection":[{"href":"https:\/\/chaskiperutravel.com\/en\/wp-json\/wp\/v2\/product"}],"about":[{"href":"https:\/\/chaskiperutravel.com\/en\/wp-json\/wp\/v2\/types\/product"}],"wp:featuredmedia":[{"embeddable":true,"href":"https:\/\/chaskiperutravel.com\/en\/wp-json\/wp\/v2\/media\/5151"}],"wp:attachment":[{"href":"https:\/\/chaskiperutravel.com\/en\/wp-json\/wp\/v2\/media?parent=4985"}],"wp:term":[{"taxonomy":"product_brand","embeddable":true,"href":"https:\/\/chaskiperutravel.com\/en\/wp-json\/wp\/v2\/product_brand?post=4985"},{"taxonomy":"product_cat","embeddable":true,"href":"https:\/\/chaskiperutravel.com\/en\/wp-json\/wp\/v2\/product_cat?post=4985"},{"taxonomy":"product_tag","embeddable":true,"href":"https:\/\/chaskiperutravel.com\/en\/wp-json\/wp\/v2\/product_tag?post=4985"}],"curies":[{"name":"wp","href":"https:\/\/api.w.org\/{rel}","templated":true}]}}