{"id":4739,"date":"2022-04-11T20:15:08","date_gmt":"2022-04-11T20:15:08","guid":{"rendered":"http:\/\/box5779.temp.domains\/~chaskipe\/?post_type=product&#038;p=4739"},"modified":"2022-04-22T22:04:36","modified_gmt":"2022-04-22T22:04:36","slug":"recorridos-turisticos-tour-gastronomico","status":"publish","type":"product","link":"https:\/\/chaskiperutravel.com\/en\/product\/recorridos-turisticos-tour-gastronomico\/","title":{"rendered":"SIGHTSEEING TOURS: TOUR GASTRONOMICO"},"content":{"rendered":"","protected":false},"excerpt":{"rendered":"<p><strong>WE TAKE YOU TO  GET TO <\/strong><strong>KNOW THE PERUVIAN INGREDIENTS <\/strong><strong>AND LET YOU COOK <\/strong><strong>OUR CUISINE<\/strong><\/p>\n<p>With us you will visit the No. 1 Market of Surquillo, where you will learn about the main ingredients of the Peruvian cuisine, in addition to trying our native fruits and vegetables.<\/p>\n<p>You will taste the different types of pisco and learn how to make pisco sour, our flagship drink.<\/p>\n<p>Finally, you will participate in a cooking session where you yourself will prepare Peruvian food with the help of renowned chefs.<\/p>","protected":false},"featured_media":4747,"template":"","meta":{"om_disable_all_campaigns":false},"product_brand":[],"product_cat":[61],"product_tag":[],"class_list":{"0":"post-4739","1":"product","2":"type-product","3":"status-publish","4":"has-post-thumbnail","6":"product_cat-recorridos-turisticos","8":"first","9":"instock","10":"shipping-taxable","11":"purchasable","12":"product-type-variable"},"yoast_head":"<!-- This site is optimized with the Yoast SEO plugin v27.3 - https:\/\/yoast.com\/product\/yoast-seo-wordpress\/ -->\n<title>RECORRIDOS TURISTICOS: TOUR GASTRONOMICO - Chaski Per\u00fa Travel<\/title>\n<meta name=\"robots\" content=\"index, follow, max-snippet:-1, max-image-preview:large, max-video-preview:-1\" \/>\n<link rel=\"canonical\" href=\"https:\/\/chaskiperutravel.com\/en\/product\/recorridos-turisticos-tour-gastronomico\/\" \/>\n<meta property=\"og:locale\" content=\"en_US\" \/>\n<meta property=\"og:type\" content=\"article\" \/>\n<meta property=\"og:title\" content=\"RECORRIDOS TURISTICOS: TOUR GASTRONOMICO - Chaski Per\u00fa Travel\" \/>\n<meta property=\"og:description\" content=\"TE LLEVAMOS A CONOCER LOS INSUMOS PERUANOS Y COCINA T\u00da MISMO NUESTRO SABOR  Con nosotros visitar\u00e1s el Mercado N\u00b01 de Surquillo, donde conocer\u00e1s los principales insumos de la gastronom\u00eda peruana, adem\u00e1s de probar nuestras frutas y verduras t\u00edpicas.  Degustar\u00e1s los diferentes tipos de pisco y aprender\u00e1s a hacer pisco sour, nuestra bebida bandera.  Finalmente, ser\u00e1s part\u00edcipe de una sesi\u00f3n de cocina en la que t\u00fa mismo preparar\u00e1s comida peruana de la mano de reconocidos chefs.\" \/>\n<meta property=\"og:url\" content=\"https:\/\/chaskiperutravel.com\/en\/product\/recorridos-turisticos-tour-gastronomico\/\" \/>\n<meta property=\"og:site_name\" content=\"Chaski Per\u00fa Travel\" \/>\n<meta property=\"article:modified_time\" content=\"2022-04-22T22:04:36+00:00\" \/>\n<meta property=\"og:image\" content=\"https:\/\/chaskiperutravel.com\/wp-content\/uploads\/2022\/04\/tour-gastonomico.png\" \/>\n\t<meta property=\"og:image:width\" content=\"520\" \/>\n\t<meta property=\"og:image:height\" content=\"564\" \/>\n\t<meta property=\"og:image:type\" content=\"image\/png\" \/>\n<meta name=\"twitter:card\" content=\"summary_large_image\" \/>\n<meta name=\"twitter:label1\" content=\"Est. reading time\" \/>\n\t<meta name=\"twitter:data1\" content=\"1 minute\" \/>\n<script type=\"application\/ld+json\" class=\"yoast-schema-graph\">{\"@context\":\"https:\\\/\\\/schema.org\",\"@graph\":[{\"@type\":\"WebPage\",\"@id\":\"https:\\\/\\\/chaskiperutravel.com\\\/product\\\/recorridos-turisticos-tour-gastronomico\\\/\",\"url\":\"https:\\\/\\\/chaskiperutravel.com\\\/product\\\/recorridos-turisticos-tour-gastronomico\\\/\",\"name\":\"RECORRIDOS TURISTICOS: TOUR GASTRONOMICO - Chaski Per\u00fa Travel\",\"isPartOf\":{\"@id\":\"https:\\\/\\\/chaskiperutravel.com\\\/#website\"},\"primaryImageOfPage\":{\"@id\":\"https:\\\/\\\/chaskiperutravel.com\\\/product\\\/recorridos-turisticos-tour-gastronomico\\\/#primaryimage\"},\"image\":{\"@id\":\"https:\\\/\\\/chaskiperutravel.com\\\/product\\\/recorridos-turisticos-tour-gastronomico\\\/#primaryimage\"},\"thumbnailUrl\":\"https:\\\/\\\/chaskiperutravel.com\\\/wp-content\\\/uploads\\\/2022\\\/04\\\/tour-gastonomico.png\",\"datePublished\":\"2022-04-11T20:15:08+00:00\",\"dateModified\":\"2022-04-22T22:04:36+00:00\",\"breadcrumb\":{\"@id\":\"https:\\\/\\\/chaskiperutravel.com\\\/product\\\/recorridos-turisticos-tour-gastronomico\\\/#breadcrumb\"},\"inLanguage\":\"en-US\",\"potentialAction\":[{\"@type\":\"ReadAction\",\"target\":[\"https:\\\/\\\/chaskiperutravel.com\\\/product\\\/recorridos-turisticos-tour-gastronomico\\\/\"]}]},{\"@type\":\"ImageObject\",\"inLanguage\":\"en-US\",\"@id\":\"https:\\\/\\\/chaskiperutravel.com\\\/product\\\/recorridos-turisticos-tour-gastronomico\\\/#primaryimage\",\"url\":\"https:\\\/\\\/chaskiperutravel.com\\\/wp-content\\\/uploads\\\/2022\\\/04\\\/tour-gastonomico.png\",\"contentUrl\":\"https:\\\/\\\/chaskiperutravel.com\\\/wp-content\\\/uploads\\\/2022\\\/04\\\/tour-gastonomico.png\",\"width\":520,\"height\":564},{\"@type\":\"BreadcrumbList\",\"@id\":\"https:\\\/\\\/chaskiperutravel.com\\\/product\\\/recorridos-turisticos-tour-gastronomico\\\/#breadcrumb\",\"itemListElement\":[{\"@type\":\"ListItem\",\"position\":1,\"name\":\"Home\",\"item\":\"https:\\\/\\\/chaskiperutravel.com\\\/\"},{\"@type\":\"ListItem\",\"position\":2,\"name\":\"Shop\",\"item\":\"https:\\\/\\\/chaskiperutravel.com\\\/shop\\\/\"},{\"@type\":\"ListItem\",\"position\":3,\"name\":\"RECORRIDOS TURISTICOS: TOUR GASTRONOMICO\"}]},{\"@type\":\"WebSite\",\"@id\":\"https:\\\/\\\/chaskiperutravel.com\\\/#website\",\"url\":\"https:\\\/\\\/chaskiperutravel.com\\\/\",\"name\":\"Chaski Per\u00fa Travel\",\"description\":\"Transporte y Turismo\",\"publisher\":{\"@id\":\"https:\\\/\\\/chaskiperutravel.com\\\/#organization\"},\"potentialAction\":[{\"@type\":\"SearchAction\",\"target\":{\"@type\":\"EntryPoint\",\"urlTemplate\":\"https:\\\/\\\/chaskiperutravel.com\\\/?s={search_term_string}\"},\"query-input\":{\"@type\":\"PropertyValueSpecification\",\"valueRequired\":true,\"valueName\":\"search_term_string\"}}],\"inLanguage\":\"en-US\"},{\"@type\":\"Organization\",\"@id\":\"https:\\\/\\\/chaskiperutravel.com\\\/#organization\",\"name\":\"Chaski Per\u00fa Travel\",\"url\":\"https:\\\/\\\/chaskiperutravel.com\\\/\",\"logo\":{\"@type\":\"ImageObject\",\"inLanguage\":\"en-US\",\"@id\":\"https:\\\/\\\/chaskiperutravel.com\\\/#\\\/schema\\\/logo\\\/image\\\/\",\"url\":\"https:\\\/\\\/chaskiperutravel.com\\\/wp-content\\\/uploads\\\/2022\\\/03\\\/cropped-logo-horizontal-1.png\",\"contentUrl\":\"https:\\\/\\\/chaskiperutravel.com\\\/wp-content\\\/uploads\\\/2022\\\/03\\\/cropped-logo-horizontal-1.png\",\"width\":245,\"height\":73,\"caption\":\"Chaski Per\u00fa Travel\"},\"image\":{\"@id\":\"https:\\\/\\\/chaskiperutravel.com\\\/#\\\/schema\\\/logo\\\/image\\\/\"}}]}<\/script>\n<!-- \/ Yoast SEO plugin. -->","yoast_head_json":{"title":"RECORRIDOS TURISTICOS: TOUR GASTRONOMICO - Chaski Per\u00fa Travel","robots":{"index":"index","follow":"follow","max-snippet":"max-snippet:-1","max-image-preview":"max-image-preview:large","max-video-preview":"max-video-preview:-1"},"canonical":"https:\/\/chaskiperutravel.com\/en\/product\/recorridos-turisticos-tour-gastronomico\/","og_locale":"en_US","og_type":"article","og_title":"RECORRIDOS TURISTICOS: TOUR GASTRONOMICO - Chaski Per\u00fa Travel","og_description":"TE LLEVAMOS A CONOCER LOS INSUMOS PERUANOS Y COCINA T\u00da MISMO NUESTRO SABOR  Con nosotros visitar\u00e1s el Mercado N\u00b01 de Surquillo, donde conocer\u00e1s los principales insumos de la gastronom\u00eda peruana, adem\u00e1s de probar nuestras frutas y verduras t\u00edpicas.  Degustar\u00e1s los diferentes tipos de pisco y aprender\u00e1s a hacer pisco sour, nuestra bebida bandera.  Finalmente, ser\u00e1s part\u00edcipe de una sesi\u00f3n de cocina en la que t\u00fa mismo preparar\u00e1s comida peruana de la mano de reconocidos chefs.","og_url":"https:\/\/chaskiperutravel.com\/en\/product\/recorridos-turisticos-tour-gastronomico\/","og_site_name":"Chaski Per\u00fa Travel","article_modified_time":"2022-04-22T22:04:36+00:00","og_image":[{"width":520,"height":564,"url":"https:\/\/chaskiperutravel.com\/wp-content\/uploads\/2022\/04\/tour-gastonomico.png","type":"image\/png"}],"twitter_card":"summary_large_image","twitter_misc":{"Est. reading time":"1 minute"},"schema":{"@context":"https:\/\/schema.org","@graph":[{"@type":"WebPage","@id":"https:\/\/chaskiperutravel.com\/product\/recorridos-turisticos-tour-gastronomico\/","url":"https:\/\/chaskiperutravel.com\/product\/recorridos-turisticos-tour-gastronomico\/","name":"RECORRIDOS TURISTICOS: TOUR GASTRONOMICO - Chaski Per\u00fa Travel","isPartOf":{"@id":"https:\/\/chaskiperutravel.com\/#website"},"primaryImageOfPage":{"@id":"https:\/\/chaskiperutravel.com\/product\/recorridos-turisticos-tour-gastronomico\/#primaryimage"},"image":{"@id":"https:\/\/chaskiperutravel.com\/product\/recorridos-turisticos-tour-gastronomico\/#primaryimage"},"thumbnailUrl":"https:\/\/chaskiperutravel.com\/wp-content\/uploads\/2022\/04\/tour-gastonomico.png","datePublished":"2022-04-11T20:15:08+00:00","dateModified":"2022-04-22T22:04:36+00:00","breadcrumb":{"@id":"https:\/\/chaskiperutravel.com\/product\/recorridos-turisticos-tour-gastronomico\/#breadcrumb"},"inLanguage":"en-US","potentialAction":[{"@type":"ReadAction","target":["https:\/\/chaskiperutravel.com\/product\/recorridos-turisticos-tour-gastronomico\/"]}]},{"@type":"ImageObject","inLanguage":"en-US","@id":"https:\/\/chaskiperutravel.com\/product\/recorridos-turisticos-tour-gastronomico\/#primaryimage","url":"https:\/\/chaskiperutravel.com\/wp-content\/uploads\/2022\/04\/tour-gastonomico.png","contentUrl":"https:\/\/chaskiperutravel.com\/wp-content\/uploads\/2022\/04\/tour-gastonomico.png","width":520,"height":564},{"@type":"BreadcrumbList","@id":"https:\/\/chaskiperutravel.com\/product\/recorridos-turisticos-tour-gastronomico\/#breadcrumb","itemListElement":[{"@type":"ListItem","position":1,"name":"Home","item":"https:\/\/chaskiperutravel.com\/"},{"@type":"ListItem","position":2,"name":"Shop","item":"https:\/\/chaskiperutravel.com\/shop\/"},{"@type":"ListItem","position":3,"name":"RECORRIDOS TURISTICOS: TOUR GASTRONOMICO"}]},{"@type":"WebSite","@id":"https:\/\/chaskiperutravel.com\/#website","url":"https:\/\/chaskiperutravel.com\/","name":"Chaski Per\u00fa Travel","description":"Transporte y Turismo","publisher":{"@id":"https:\/\/chaskiperutravel.com\/#organization"},"potentialAction":[{"@type":"SearchAction","target":{"@type":"EntryPoint","urlTemplate":"https:\/\/chaskiperutravel.com\/?s={search_term_string}"},"query-input":{"@type":"PropertyValueSpecification","valueRequired":true,"valueName":"search_term_string"}}],"inLanguage":"en-US"},{"@type":"Organization","@id":"https:\/\/chaskiperutravel.com\/#organization","name":"Chaski Per\u00fa Travel","url":"https:\/\/chaskiperutravel.com\/","logo":{"@type":"ImageObject","inLanguage":"en-US","@id":"https:\/\/chaskiperutravel.com\/#\/schema\/logo\/image\/","url":"https:\/\/chaskiperutravel.com\/wp-content\/uploads\/2022\/03\/cropped-logo-horizontal-1.png","contentUrl":"https:\/\/chaskiperutravel.com\/wp-content\/uploads\/2022\/03\/cropped-logo-horizontal-1.png","width":245,"height":73,"caption":"Chaski Per\u00fa Travel"},"image":{"@id":"https:\/\/chaskiperutravel.com\/#\/schema\/logo\/image\/"}}]}},"_links":{"self":[{"href":"https:\/\/chaskiperutravel.com\/en\/wp-json\/wp\/v2\/product\/4739","targetHints":{"allow":["GET"]}}],"collection":[{"href":"https:\/\/chaskiperutravel.com\/en\/wp-json\/wp\/v2\/product"}],"about":[{"href":"https:\/\/chaskiperutravel.com\/en\/wp-json\/wp\/v2\/types\/product"}],"wp:featuredmedia":[{"embeddable":true,"href":"https:\/\/chaskiperutravel.com\/en\/wp-json\/wp\/v2\/media\/4747"}],"wp:attachment":[{"href":"https:\/\/chaskiperutravel.com\/en\/wp-json\/wp\/v2\/media?parent=4739"}],"wp:term":[{"taxonomy":"product_brand","embeddable":true,"href":"https:\/\/chaskiperutravel.com\/en\/wp-json\/wp\/v2\/product_brand?post=4739"},{"taxonomy":"product_cat","embeddable":true,"href":"https:\/\/chaskiperutravel.com\/en\/wp-json\/wp\/v2\/product_cat?post=4739"},{"taxonomy":"product_tag","embeddable":true,"href":"https:\/\/chaskiperutravel.com\/en\/wp-json\/wp\/v2\/product_tag?post=4739"}],"curies":[{"name":"wp","href":"https:\/\/api.w.org\/{rel}","templated":true}]}}