{"id":4726,"date":"2022-04-11T19:48:44","date_gmt":"2022-04-11T19:48:44","guid":{"rendered":"http:\/\/box5779.temp.domains\/~chaskipe\/?post_type=product&#038;p=4726"},"modified":"2022-04-22T22:04:21","modified_gmt":"2022-04-22T22:04:21","slug":"recorridos-turisticos-pisco-sessions","status":"publish","type":"product","link":"https:\/\/chaskiperutravel.com\/en\/product\/recorridos-turisticos-pisco-sessions\/","title":{"rendered":"SIGHTSEEING TOURS: PISCO SESSIONS"},"content":{"rendered":"","protected":false},"excerpt":{"rendered":"<p>SUM\u00c9RGETE EN LA CULTURA DEL PISCO Y SU MARAVILLOSA FUSI\u00d3N CONTEMPOR\u00c1NEA<\/p>\n<p>We will take you to get to know the culture and history of our flagship drink, pisco. You will learn to make Pisco Sour and you will taste it from the hands of the best bartenders. You will drink the different varieties of pisco strains so that you can value the quality of each grape.<\/p>\n<p>Finally, you will taste a variety of 5 chilcanos with mixed flavors, which represent the richness of the regions of Peru, along with some delicious anticuchos or a vegetarian option; and you will return with a pisco souvenir.<\/p>","protected":false},"featured_media":4735,"template":"","meta":{"om_disable_all_campaigns":false},"product_brand":[],"product_cat":[61],"product_tag":[],"class_list":{"0":"post-4726","1":"product","2":"type-product","3":"status-publish","4":"has-post-thumbnail","6":"product_cat-recorridos-turisticos","8":"first","9":"instock","10":"shipping-taxable","11":"purchasable","12":"product-type-variable"},"yoast_head":"<!-- This site is optimized with the Yoast SEO plugin v27.3 - https:\/\/yoast.com\/product\/yoast-seo-wordpress\/ -->\n<title>RECORRIDOS TURISTICOS: PISCO SESSIONS - Chaski Per\u00fa Travel<\/title>\n<meta name=\"robots\" content=\"index, follow, max-snippet:-1, max-image-preview:large, max-video-preview:-1\" \/>\n<link rel=\"canonical\" href=\"https:\/\/chaskiperutravel.com\/en\/product\/recorridos-turisticos-pisco-sessions\/\" \/>\n<meta property=\"og:locale\" content=\"en_US\" \/>\n<meta property=\"og:type\" content=\"article\" \/>\n<meta property=\"og:title\" content=\"RECORRIDOS TURISTICOS: PISCO SESSIONS - Chaski Per\u00fa Travel\" \/>\n<meta property=\"og:description\" content=\"SUM\u00c9RGETE EN LA CULTURA DEL PISCO Y SU MARAVILLOSA FUSI\u00d3N CONTEMPOR\u00c1NEA  Te llevaremos a conocer la cultura e historia de nuestra bebida bandera, el pisco. Aprender\u00e1s a hacer Pisco Sour y lo probar\u00e1s de la mano de los mejores bartenders. Beber\u00e1s las diferentes variedades de cepas pisqueras para que valores la calidad de cada uva.  Finalmente, degustar\u00e1s una variedad de 5 chilcanos de sabores fusi\u00f3n, que representan la riqueza de las regiones del Per\u00fa, junto a unos ricos anticuchos o una opci\u00f3n vegetariana; y volver\u00e1s con un souvenir pisquero.\" \/>\n<meta property=\"og:url\" content=\"https:\/\/chaskiperutravel.com\/en\/product\/recorridos-turisticos-pisco-sessions\/\" \/>\n<meta property=\"og:site_name\" content=\"Chaski Per\u00fa Travel\" \/>\n<meta property=\"article:modified_time\" content=\"2022-04-22T22:04:21+00:00\" \/>\n<meta property=\"og:image\" content=\"https:\/\/chaskiperutravel.com\/wp-content\/uploads\/2022\/04\/pisco-sessions-producto.png\" \/>\n\t<meta property=\"og:image:width\" content=\"520\" \/>\n\t<meta property=\"og:image:height\" content=\"564\" \/>\n\t<meta property=\"og:image:type\" content=\"image\/png\" \/>\n<meta name=\"twitter:card\" content=\"summary_large_image\" \/>\n<meta name=\"twitter:label1\" content=\"Est. reading time\" \/>\n\t<meta name=\"twitter:data1\" content=\"1 minute\" \/>\n<script type=\"application\/ld+json\" class=\"yoast-schema-graph\">{\"@context\":\"https:\\\/\\\/schema.org\",\"@graph\":[{\"@type\":\"WebPage\",\"@id\":\"https:\\\/\\\/chaskiperutravel.com\\\/product\\\/recorridos-turisticos-pisco-sessions\\\/\",\"url\":\"https:\\\/\\\/chaskiperutravel.com\\\/product\\\/recorridos-turisticos-pisco-sessions\\\/\",\"name\":\"RECORRIDOS TURISTICOS: PISCO SESSIONS - Chaski Per\u00fa Travel\",\"isPartOf\":{\"@id\":\"https:\\\/\\\/chaskiperutravel.com\\\/#website\"},\"primaryImageOfPage\":{\"@id\":\"https:\\\/\\\/chaskiperutravel.com\\\/product\\\/recorridos-turisticos-pisco-sessions\\\/#primaryimage\"},\"image\":{\"@id\":\"https:\\\/\\\/chaskiperutravel.com\\\/product\\\/recorridos-turisticos-pisco-sessions\\\/#primaryimage\"},\"thumbnailUrl\":\"https:\\\/\\\/chaskiperutravel.com\\\/wp-content\\\/uploads\\\/2022\\\/04\\\/pisco-sessions-producto.png\",\"datePublished\":\"2022-04-11T19:48:44+00:00\",\"dateModified\":\"2022-04-22T22:04:21+00:00\",\"breadcrumb\":{\"@id\":\"https:\\\/\\\/chaskiperutravel.com\\\/product\\\/recorridos-turisticos-pisco-sessions\\\/#breadcrumb\"},\"inLanguage\":\"en-US\",\"potentialAction\":[{\"@type\":\"ReadAction\",\"target\":[\"https:\\\/\\\/chaskiperutravel.com\\\/product\\\/recorridos-turisticos-pisco-sessions\\\/\"]}]},{\"@type\":\"ImageObject\",\"inLanguage\":\"en-US\",\"@id\":\"https:\\\/\\\/chaskiperutravel.com\\\/product\\\/recorridos-turisticos-pisco-sessions\\\/#primaryimage\",\"url\":\"https:\\\/\\\/chaskiperutravel.com\\\/wp-content\\\/uploads\\\/2022\\\/04\\\/pisco-sessions-producto.png\",\"contentUrl\":\"https:\\\/\\\/chaskiperutravel.com\\\/wp-content\\\/uploads\\\/2022\\\/04\\\/pisco-sessions-producto.png\",\"width\":520,\"height\":564},{\"@type\":\"BreadcrumbList\",\"@id\":\"https:\\\/\\\/chaskiperutravel.com\\\/product\\\/recorridos-turisticos-pisco-sessions\\\/#breadcrumb\",\"itemListElement\":[{\"@type\":\"ListItem\",\"position\":1,\"name\":\"Home\",\"item\":\"https:\\\/\\\/chaskiperutravel.com\\\/\"},{\"@type\":\"ListItem\",\"position\":2,\"name\":\"Shop\",\"item\":\"https:\\\/\\\/chaskiperutravel.com\\\/shop\\\/\"},{\"@type\":\"ListItem\",\"position\":3,\"name\":\"RECORRIDOS TURISTICOS: PISCO SESSIONS\"}]},{\"@type\":\"WebSite\",\"@id\":\"https:\\\/\\\/chaskiperutravel.com\\\/#website\",\"url\":\"https:\\\/\\\/chaskiperutravel.com\\\/\",\"name\":\"Chaski Per\u00fa Travel\",\"description\":\"Transporte y Turismo\",\"publisher\":{\"@id\":\"https:\\\/\\\/chaskiperutravel.com\\\/#organization\"},\"potentialAction\":[{\"@type\":\"SearchAction\",\"target\":{\"@type\":\"EntryPoint\",\"urlTemplate\":\"https:\\\/\\\/chaskiperutravel.com\\\/?s={search_term_string}\"},\"query-input\":{\"@type\":\"PropertyValueSpecification\",\"valueRequired\":true,\"valueName\":\"search_term_string\"}}],\"inLanguage\":\"en-US\"},{\"@type\":\"Organization\",\"@id\":\"https:\\\/\\\/chaskiperutravel.com\\\/#organization\",\"name\":\"Chaski Per\u00fa Travel\",\"url\":\"https:\\\/\\\/chaskiperutravel.com\\\/\",\"logo\":{\"@type\":\"ImageObject\",\"inLanguage\":\"en-US\",\"@id\":\"https:\\\/\\\/chaskiperutravel.com\\\/#\\\/schema\\\/logo\\\/image\\\/\",\"url\":\"https:\\\/\\\/chaskiperutravel.com\\\/wp-content\\\/uploads\\\/2022\\\/03\\\/cropped-logo-horizontal-1.png\",\"contentUrl\":\"https:\\\/\\\/chaskiperutravel.com\\\/wp-content\\\/uploads\\\/2022\\\/03\\\/cropped-logo-horizontal-1.png\",\"width\":245,\"height\":73,\"caption\":\"Chaski Per\u00fa Travel\"},\"image\":{\"@id\":\"https:\\\/\\\/chaskiperutravel.com\\\/#\\\/schema\\\/logo\\\/image\\\/\"}}]}<\/script>\n<!-- \/ Yoast SEO plugin. -->","yoast_head_json":{"title":"RECORRIDOS TURISTICOS: PISCO SESSIONS - Chaski Per\u00fa Travel","robots":{"index":"index","follow":"follow","max-snippet":"max-snippet:-1","max-image-preview":"max-image-preview:large","max-video-preview":"max-video-preview:-1"},"canonical":"https:\/\/chaskiperutravel.com\/en\/product\/recorridos-turisticos-pisco-sessions\/","og_locale":"en_US","og_type":"article","og_title":"RECORRIDOS TURISTICOS: PISCO SESSIONS - Chaski Per\u00fa Travel","og_description":"SUM\u00c9RGETE EN LA CULTURA DEL PISCO Y SU MARAVILLOSA FUSI\u00d3N CONTEMPOR\u00c1NEA  Te llevaremos a conocer la cultura e historia de nuestra bebida bandera, el pisco. Aprender\u00e1s a hacer Pisco Sour y lo probar\u00e1s de la mano de los mejores bartenders. Beber\u00e1s las diferentes variedades de cepas pisqueras para que valores la calidad de cada uva.  Finalmente, degustar\u00e1s una variedad de 5 chilcanos de sabores fusi\u00f3n, que representan la riqueza de las regiones del Per\u00fa, junto a unos ricos anticuchos o una opci\u00f3n vegetariana; y volver\u00e1s con un souvenir pisquero.","og_url":"https:\/\/chaskiperutravel.com\/en\/product\/recorridos-turisticos-pisco-sessions\/","og_site_name":"Chaski Per\u00fa Travel","article_modified_time":"2022-04-22T22:04:21+00:00","og_image":[{"width":520,"height":564,"url":"https:\/\/chaskiperutravel.com\/wp-content\/uploads\/2022\/04\/pisco-sessions-producto.png","type":"image\/png"}],"twitter_card":"summary_large_image","twitter_misc":{"Est. reading time":"1 minute"},"schema":{"@context":"https:\/\/schema.org","@graph":[{"@type":"WebPage","@id":"https:\/\/chaskiperutravel.com\/product\/recorridos-turisticos-pisco-sessions\/","url":"https:\/\/chaskiperutravel.com\/product\/recorridos-turisticos-pisco-sessions\/","name":"RECORRIDOS TURISTICOS: PISCO SESSIONS - Chaski Per\u00fa Travel","isPartOf":{"@id":"https:\/\/chaskiperutravel.com\/#website"},"primaryImageOfPage":{"@id":"https:\/\/chaskiperutravel.com\/product\/recorridos-turisticos-pisco-sessions\/#primaryimage"},"image":{"@id":"https:\/\/chaskiperutravel.com\/product\/recorridos-turisticos-pisco-sessions\/#primaryimage"},"thumbnailUrl":"https:\/\/chaskiperutravel.com\/wp-content\/uploads\/2022\/04\/pisco-sessions-producto.png","datePublished":"2022-04-11T19:48:44+00:00","dateModified":"2022-04-22T22:04:21+00:00","breadcrumb":{"@id":"https:\/\/chaskiperutravel.com\/product\/recorridos-turisticos-pisco-sessions\/#breadcrumb"},"inLanguage":"en-US","potentialAction":[{"@type":"ReadAction","target":["https:\/\/chaskiperutravel.com\/product\/recorridos-turisticos-pisco-sessions\/"]}]},{"@type":"ImageObject","inLanguage":"en-US","@id":"https:\/\/chaskiperutravel.com\/product\/recorridos-turisticos-pisco-sessions\/#primaryimage","url":"https:\/\/chaskiperutravel.com\/wp-content\/uploads\/2022\/04\/pisco-sessions-producto.png","contentUrl":"https:\/\/chaskiperutravel.com\/wp-content\/uploads\/2022\/04\/pisco-sessions-producto.png","width":520,"height":564},{"@type":"BreadcrumbList","@id":"https:\/\/chaskiperutravel.com\/product\/recorridos-turisticos-pisco-sessions\/#breadcrumb","itemListElement":[{"@type":"ListItem","position":1,"name":"Home","item":"https:\/\/chaskiperutravel.com\/"},{"@type":"ListItem","position":2,"name":"Shop","item":"https:\/\/chaskiperutravel.com\/shop\/"},{"@type":"ListItem","position":3,"name":"RECORRIDOS TURISTICOS: PISCO SESSIONS"}]},{"@type":"WebSite","@id":"https:\/\/chaskiperutravel.com\/#website","url":"https:\/\/chaskiperutravel.com\/","name":"Chaski Per\u00fa Travel","description":"Transporte y Turismo","publisher":{"@id":"https:\/\/chaskiperutravel.com\/#organization"},"potentialAction":[{"@type":"SearchAction","target":{"@type":"EntryPoint","urlTemplate":"https:\/\/chaskiperutravel.com\/?s={search_term_string}"},"query-input":{"@type":"PropertyValueSpecification","valueRequired":true,"valueName":"search_term_string"}}],"inLanguage":"en-US"},{"@type":"Organization","@id":"https:\/\/chaskiperutravel.com\/#organization","name":"Chaski Per\u00fa Travel","url":"https:\/\/chaskiperutravel.com\/","logo":{"@type":"ImageObject","inLanguage":"en-US","@id":"https:\/\/chaskiperutravel.com\/#\/schema\/logo\/image\/","url":"https:\/\/chaskiperutravel.com\/wp-content\/uploads\/2022\/03\/cropped-logo-horizontal-1.png","contentUrl":"https:\/\/chaskiperutravel.com\/wp-content\/uploads\/2022\/03\/cropped-logo-horizontal-1.png","width":245,"height":73,"caption":"Chaski Per\u00fa Travel"},"image":{"@id":"https:\/\/chaskiperutravel.com\/#\/schema\/logo\/image\/"}}]}},"_links":{"self":[{"href":"https:\/\/chaskiperutravel.com\/en\/wp-json\/wp\/v2\/product\/4726","targetHints":{"allow":["GET"]}}],"collection":[{"href":"https:\/\/chaskiperutravel.com\/en\/wp-json\/wp\/v2\/product"}],"about":[{"href":"https:\/\/chaskiperutravel.com\/en\/wp-json\/wp\/v2\/types\/product"}],"wp:featuredmedia":[{"embeddable":true,"href":"https:\/\/chaskiperutravel.com\/en\/wp-json\/wp\/v2\/media\/4735"}],"wp:attachment":[{"href":"https:\/\/chaskiperutravel.com\/en\/wp-json\/wp\/v2\/media?parent=4726"}],"wp:term":[{"taxonomy":"product_brand","embeddable":true,"href":"https:\/\/chaskiperutravel.com\/en\/wp-json\/wp\/v2\/product_brand?post=4726"},{"taxonomy":"product_cat","embeddable":true,"href":"https:\/\/chaskiperutravel.com\/en\/wp-json\/wp\/v2\/product_cat?post=4726"},{"taxonomy":"product_tag","embeddable":true,"href":"https:\/\/chaskiperutravel.com\/en\/wp-json\/wp\/v2\/product_tag?post=4726"}],"curies":[{"name":"wp","href":"https:\/\/api.w.org\/{rel}","templated":true}]}}